{"id":11723,"date":"2018-12-23T03:00:53","date_gmt":"2018-12-23T03:00:53","guid":{"rendered":"https:\/\/tarotx.net\/chinh-sach-bao-mat\/"},"modified":"2022-07-20T14:15:09","modified_gmt":"2022-07-20T14:15:09","slug":"chinh-sach-bao-mat","status":"publish","type":"page","link":"https:\/\/tarotx.net\/vi\/chinh-sach-bao-mat\/","title":{"rendered":"Ch\u00ednh s\u00e1ch b\u1ea3o m\u1eadt"},"content":{"rendered":"\n<p><strong>Ch\u00ednh s\u00e1ch b\u1ea3o m\u1eadt<\/strong><\/p>\n\n<p>Ch\u00fang t\u00f4i c\u00f3 quy\u1ec1n s\u1eeda \u0111\u1ed5i, b\u1ed5 sung \u0111\u1ec3 ho\u00e0n thi\u1ec7n Ch\u00ednh s\u00e1ch n\u00e0y b\u1ea5t c\u1ee9 l\u00fac n\u00e0o. Ch\u00fang t\u00f4i khuy\u1ebfn kh\u00edch b\u1ea1n th\u01b0\u1eddng xuy\u00ean xem l\u1ea1i Ch\u00ednh s\u00e1ch B\u1ea3o m\u1eadt Th\u00f4ng tin C\u00e1 nh\u00e2n n\u00e0y \u0111\u1ec3 bi\u1ebft c\u00e1c c\u1eadp nh\u1eadt m\u1edbi nh\u1ea5t nh\u1eb1m \u0111\u1ea3m b\u1ea3o b\u1ea1n bi\u1ebft v\u00e0 th\u1ef1c hi\u1ec7n quy\u1ec1n qu\u1ea3n l\u00fd th\u00f4ng tin c\u00e1 nh\u00e2n c\u1ee7a m\u00ecnh. <\/p>\n\n<ol><li><strong>Thu th\u1eadp v\u00e0 s\u1eed d\u1ee5ng th\u00f4ng tin<\/strong><\/li><\/ol>\n<p>Khi b\u1ea1n v\u1eadn h\u00e0nh v\u00e0 truy c\u1eadp d\u1eef li\u1ec7u tr\u00ean Tarot, ch\u00fang t\u00f4i c\u00f3 th\u1ec3 thu th\u1eadp: <\/p>\n\n<ul><li>Th\u00f4ng tin c\u00e1 nh\u00e2n m\u00e0 b\u1ea1n cung c\u1ea5p cho ch\u00fang t\u00f4i bao g\u1ed3m h\u1ecd t\u00ean, \u0111\u1ecba ch\u1ec9 email, s\u1ed1 \u0111i\u1ec7n tho\u1ea1i, \u0111\u1ecba ch\u1ec9.<\/li><li>Th\u00f4ng tin \u0111\u0103ng nh\u1eadp t\u00e0i kho\u1ea3n bao g\u1ed3m b\u1ea5t k\u1ef3 th\u00f4ng tin n\u00e0o c\u1ea7n thi\u1ebft \u0111\u1ec3 thi\u1ebft l\u1eadp t\u00e0i kho\u1ea3n nh\u01b0 t\u00ean ng\u01b0\u1eddi d\u00f9ng, m\u1eadt kh\u1ea9u \u0111\u0103ng nh\u1eadp, ID v\u00e0 c\u00e2u h\u1ecfi &amp; c\u00e2u tr\u1ea3 l\u1eddi b\u1ea3o m\u1eadt.<\/li><li>Chi ti\u1ebft v\u1ec1 c\u00e1c l\u1ea7n b\u1ea1n truy c\u1eadp v\u00e0o c\u00e1c t\u00e0i nguy\u00ean trong trang web c\u1ee7a ch\u00fang t\u00f4i v\u1edbi d\u1eef li\u1ec7u l\u01b0u l\u01b0\u1ee3ng kh\u00f4ng gi\u1edbi h\u1ea1n, d\u1eef li\u1ec7u v\u1ecb tr\u00ed, nh\u1eadt k\u00fd web v\u00e0 d\u1eef li\u1ec7u ph\u01b0\u01a1ng ti\u1ec7n kh\u00e1c. <\/li><li>Th\u00f4ng tin b\u1ea1n cung c\u1ea5p b\u1eb1ng c\u00e1ch \u0111i\u1ec1n v\u00e0o c\u00e1c bi\u1ec3u m\u1eabu tr\u00ean trang web c\u1ee7a ch\u00fang t\u00f4i, ch\u1eb3ng h\u1ea1n nh\u01b0 khi b\u1ea1n \u0111\u0103ng k\u00fd nh\u1eadn b\u00e0i vi\u1ebft m\u1edbi ngay l\u1eadp t\u1ee9c. <\/li><li>Th\u00f4ng tin \u0111\u01b0\u1ee3c cung c\u1ea5p cho ch\u00fang t\u00f4i khi b\u1ea1n li\u00ean h\u1ec7 v\u1edbi ch\u00fang t\u00f4i b\u1eb1ng b\u1ea5t k\u1ef3 ph\u01b0\u01a1ng ti\u1ec7n n\u00e0o kh\u00e1c. <\/li><\/ul>\n<p>Ch\u00fang t\u00f4i ch\u1ec9 thu th\u1eadp th\u00f4ng tin c\u00e1 nh\u00e2n c\u1ea7n thi\u1ebft cho c\u00e1c m\u1ee5c \u0111\u00edch:<\/p>\n\n<ul><li><strong>B\u1ea3o tr\u00ec t\u00e0i kho\u1ea3n:<\/strong> \u0111\u1ec3 t\u1ea1o v\u00e0 duy tr\u00ec t\u00e0i kho\u1ea3n c\u1ee7a b\u1ea1n tr\u00ean trang web c\u1ee7a ch\u00fang t\u00f4i, bao g\u1ed3m b\u1ea5t k\u1ef3 khuy\u1ebfn m\u00e3i ho\u1eb7c ti\u1ec1n th\u01b0\u1edfng n\u00e0o \u0111\u01b0\u1ee3c li\u00ean k\u1ebft v\u1edbi t\u00e0i kho\u1ea3n c\u1ee7a b\u1ea1n.<\/li><li><strong>D\u1ecbch v\u1ee5 kh\u00e1ch h\u00e0ng:<\/strong> \u0111\u1ec3 x\u1eed l\u00fd c\u00e1c v\u1ea5n \u0111\u1ec1 li\u00ean quan \u0111\u1ebfn tr\u1ea3i nghi\u1ec7m d\u1ecbch v\u1ee5 c\u1ee7a b\u1ea1n, bao g\u1ed3m c\u1ea3 vi\u1ec7c ph\u1ea3n h\u1ed3i c\u00e1c th\u1eafc m\u1eafc v\u00e0 khi\u1ebfu n\u1ea1i c\u1ee7a b\u1ea1n. <\/li><li><strong>C\u00e1 nh\u00e2n h\u00f3a<\/strong>: Ch\u00fang t\u00f4i c\u00f3 th\u1ec3 k\u1ebft h\u1ee3p d\u1eef li\u1ec7u thu th\u1eadp \u0111\u01b0\u1ee3c \u0111\u1ec3 c\u00f3 c\u00e1i nh\u00ecn \u0111\u1ea7y \u0111\u1ee7 h\u01a1n v\u1ec1 ng\u01b0\u1eddi ti\u00eau d\u00f9ng v\u00e0 t\u1eeb \u0111\u00f3 cho ph\u00e9p ch\u00fang t\u00f4i ph\u1ee5c v\u1ee5 t\u1ed1t h\u01a1n v\u1edbi kh\u1ea3 n\u0103ng c\u00e1 nh\u00e2n h\u00f3a m\u1ea1nh m\u1ebd h\u01a1n \u1edf m\u1ecdi kh\u00eda c\u1ea1nh, bao g\u1ed3m c\u1ea3i thi\u1ec7n v\u00e0 c\u00e1 nh\u00e2n h\u00f3a tr\u1ea3i nghi\u1ec7m c\u1ee7a b\u1ea1n tr\u00ean Tarot, \u0111\u1ed5i m\u1edbi c\u01a1 s\u1edf v\u1eadt ch\u1ea5t, d\u1ecbch v\u1ee5 v\u00e0 \u0111\u01b0a ra nh\u1eefng \u00fd t\u01b0\u1edfng m\u1edbi nh\u01b0 c\u0169ng nh\u01b0 ph\u1ee5c v\u1ee5 b\u1ea1n v\u1edbi nh\u1eefng l\u1eddi gi\u1edbi thi\u1ec7u, nh\u1eefng m\u1ea9u qu\u1ea3ng c\u00e1o ph\u00f9 h\u1ee3p v\u1edbi s\u1edf th\u00edch c\u1ee7a b\u1ea1n.<\/li><li><strong>B\u1ea3o m\u1eadt<\/strong> : nh\u1eb1m m\u1ee5c \u0111\u00edch ng\u0103n ch\u1eb7n vi\u1ec7c ph\u00e1 h\u1ee7y t\u00e0i kho\u1ea3n ng\u01b0\u1eddi d\u00f9ng ho\u1eb7c c\u00e1c ho\u1ea1t \u0111\u1ed9ng gi\u1ea3 m\u1ea1o c\u1ee7a kh\u00e1ch h\u00e0ng.<\/li><li><strong>Y\u00eau c\u1ea7u ph\u00e1p l\u00fd:<\/strong> t\u00f9y theo quy \u0111\u1ecbnh c\u1ee7a ph\u00e1p lu\u1eadt t\u1ea1i t\u1eebng th\u1eddi \u0111i\u1ec3m, ch\u00fang t\u00f4i c\u00f3 th\u1ec3 thu th\u1eadp, l\u01b0u tr\u1eef v\u00e0 cung c\u1ea5p theo y\u00eau c\u1ea7u c\u1ee7a c\u01a1 quan nh\u00e0 n\u01b0\u1edbc c\u00f3 th\u1ea9m quy\u1ec1n.<\/li><\/ul>\n<ol start=\"2\"><li><strong>Th\u1eddi gian l\u01b0u tr\u1eef<\/strong><\/li><\/ol>\n<h3 class=\"wp-block-heading\">Th\u00f4ng tin c\u00e1 nh\u00e2n c\u1ee7a kh\u00e1ch h\u00e0ng s\u1ebd \u0111\u01b0\u1ee3c l\u01b0u tr\u1eef cho \u0111\u1ebfn khi kh\u00e1ch h\u00e0ng y\u00eau c\u1ea7u h\u1ee7y ho\u1eb7c kh\u00e1ch h\u00e0ng t\u1ef1 th\u1ef1c hi\u1ec7n thao t\u00e1c h\u1ee7y. C\u00f2n l\u1ea1i trong m\u1ecdi tr\u01b0\u1eddng h\u1ee3p th\u00f4ng tin c\u00e1 nh\u00e2n kh\u00e1ch h\u00e0ng s\u1ebd \u0111\u01b0\u1ee3c b\u1ea3o m\u1eadt tr\u00ean m\u00e1y ch\u1ee7 c\u1ee7a Tarot.<\/h3>\n\n<ol start=\"3\"><li><strong>Quy t\u1eafc kh\u00f4ng ti\u1ebft l\u1ed9 th\u00f4ng tin c\u00e1 nh\u00e2n cho b\u00ean th\u1ee9 ba<\/strong><\/li><\/ol>\n<p>Trang web c\u1ee7a ch\u00fang t\u00f4i s\u1ebd kh\u00f4ng ti\u1ebft l\u1ed9 cho b\u00ean th\u1ee9 ba b\u1ea5t k\u1ef3 th\u00f4ng tin c\u00e1 nh\u00e2n n\u00e0o \u0111\u00e3 cung c\u1ea5p cho ch\u00fang t\u00f4i, ngo\u1ea1i tr\u1eeb c\u00e1c tr\u01b0\u1eddng h\u1ee3p sau:<\/p>\n\n<ul><li>B\u1ea1n \u0111\u00e3 \u0111\u1ed3ng \u00fd ti\u1ebft l\u1ed9 th\u00f4ng tin c\u00e1 nh\u00e2n c\u1ee7a m\u00ecnh cho b\u00ean th\u1ee9 ba.<\/li><li>Th\u00f4ng tin c\u00e1 nh\u00e2n c\u1ee7a b\u1ea1n s\u1ebd \u0111\u01b0\u1ee3c cung c\u1ea5p cho c\u00e1c \u0111\u1ed1i t\u00e1c l\u00e0 c\u00e1c b\u00ean cung c\u1ea5p d\u1ecbch v\u1ee5 cho ch\u00fang t\u00f4i li\u00ean quan \u0111\u1ebfn vi\u1ec7c th\u1ef1c hi\u1ec7n \u0111\u01a1n h\u00e0ng v\u00e0 \u0111\u01b0\u1ee3c gi\u1edbi h\u1ea1n \u1edf nh\u1eefng th\u00f4ng tin c\u1ea7n thi\u1ebft c\u0169ng nh\u01b0 vi\u1ec7c \u00e1p d\u1ee5ng c\u00e1c quy \u0111\u1ecbnh \u0111\u1ec3 \u0111\u1ea3m b\u1ea3o an to\u00e0n v\u00e0 b\u1ea3o m\u1eadt th\u00f4ng tin c\u00e1 nh\u00e2n.<\/li><li>Th\u00f4ng tin c\u00e1 nh\u00e2n c\u1ee7a b\u1ea1n \u0111\u00e3 \u0111\u01b0\u1ee3c x\u1eed l\u00fd th\u00e0nh d\u1eef li\u1ec7u th\u1ed1ng k\u00ea s\u1ebd kh\u00f4ng ti\u1ebft l\u1ed9 danh t\u00ednh c\u1ee7a b\u1ea1n.<\/li><li>Th\u00f4ng tin c\u00e1 nh\u00e2n c\u1ee7a b\u1ea1n s\u1ebd \u0111\u01b0\u1ee3c ti\u1ebft l\u1ed9 cho c\u01a1 quan c\u00f3 th\u1ea9m quy\u1ec1n n\u1ebfu ph\u00e1p lu\u1eadt y\u00eau c\u1ea7u v\u00e0 vi\u1ec7c ti\u1ebft l\u1ed9 \u0111\u00f3 l\u00e0 c\u1ea7n thi\u1ebft m\u1ed9t c\u00e1ch h\u1ee3p l\u00fd \u0111\u1ec3 tu\u00e2n th\u1ee7 c\u00e1c quy tr\u00ecnh ph\u00e1p l\u00fd.<\/li><\/ul>\n<ol start=\"4\"><li><strong> <\/strong><strong>Quy t\u1eafc ti\u1ebfp th\u1ecb<\/strong><\/li><\/ol>\n<p>Kh\u00e1ch h\u00e0ng c\u00f3 quy\u1ec1n ch\u1ecdn kh\u00f4ng nh\u1eadn m\u1ed9t s\u1ed1 th\u00f4ng tin nh\u1ea5t \u0111\u1ecbnh t\u1eeb trang web c\u1ee7a ch\u00fang t\u00f4i ho\u1eb7c b\u1ea5t k\u1ef3 \u0111\u1ed1i t\u00e1c n\u00e0o c\u1ee7a ch\u00fang t\u00f4i. Ngo\u00e0i nh\u1eefng g\u00ec \u0111\u00e3 \u0111\u1ec1 c\u1eadp \u1edf tr\u00ean, ch\u00fang t\u00f4i s\u1ebd kh\u00f4ng g\u1eedi cho b\u1ea1n b\u1ea5t k\u1ef3 th\u00f4ng tin, email ho\u1eb7c qu\u1ea3ng c\u00e1o \u0111\u01b0\u1ee3c \u0111\u1ec1 xu\u1ea5t n\u00e0o.<\/p>\n\n<p>Ch\u00fang t\u00f4i s\u1ebd kh\u00f4ng b\u00e1n, cho thu\u00ea ho\u1eb7c cho m\u01b0\u1ee3n th\u00f4ng tin kh\u00e1ch h\u00e0ng cho b\u1ea5t k\u1ef3 c\u00f4ng ty b\u00ean ngo\u00e0i n\u00e0o. Ch\u00fang t\u00f4i s\u1ebd kh\u00f4ng s\u1eed d\u1ee5ng th\u00f4ng tin c\u00e1 nh\u00e2n c\u1ee7a b\u1ea1n cho m\u1ee5c \u0111\u00edch ti\u1ebfp th\u1ecb c\u0169ng nh\u01b0 \u0111\u1ed1i t\u00e1c c\u1ee7a ch\u00fang t\u00f4i, tr\u1eeb khi c\u00f3 y\u00eau c\u1ea7u kh\u00e1c.<\/p>\n\n<p>T\u1ea5t c\u1ea3 c\u00e1c email \u0111\u01b0\u1ee3c g\u1eedi cho kh\u00e1ch h\u00e0ng theo y\u00eau c\u1ea7u c\u1ee7a h\u1ecd s\u1ebd c\u00f3 t\u00f9y ch\u1ecdn <strong>h\u1ee7y \u0111\u0103ng k\u00fd nh\u1eadn email c\u1ee7a t\u00f4i<\/strong> . Y\u00eau c\u1ea7u s\u1ebd \u0111\u01b0\u1ee3c x\u1eed l\u00fd v\u00e0 ho\u00e0n th\u00e0nh trong m\u1ed9t ph\u00fat v\u00e0 ch\u00fang t\u00f4i s\u1ebd l\u00e0m m\u1ecdi th\u1ee9 \u0111\u1ec3 \u0111\u1ea3m b\u1ea3o r\u1eb1ng kh\u00f4ng c\u00f3 th\u00f4ng tin li\u00ean h\u1ec7 n\u00e0o \u0111\u01b0\u1ee3c g\u1eedi \u0111\u1ebfn kh\u00e1ch h\u00e0ng \u0111\u00e3 n\u00f3i r\u1eb1ng h\u1ecd kh\u00f4ng mu\u1ed1n nh\u1eadn th\u00f4ng tin n\u00e0y n\u1eefa.<\/p>\n\n<ol start=\"5\"><li><strong>An to\u00e0n d\u1eef li\u1ec7u<\/strong><\/li><\/ol>\n<p>Ch\u00fang t\u00f4i l\u00e0m vi\u1ec7c ch\u0103m ch\u1ec9 \u0111\u1ec3 b\u1ea3o m\u1eadt th\u00f4ng tin c\u00e1 nh\u00e2n c\u1ee7a kh\u00e1ch h\u00e0ng. Ch\u00fang t\u00f4i \u0111\u00e3 th\u1ef1c hi\u1ec7n m\u1ed9t s\u1ed1 bi\u1ec7n ph\u00e1p b\u1ea3o m\u1eadt, bao g\u1ed3m: <\/p>\n\n<ul><li><strong>An to\u00e0n trong m\u00f4i tr\u01b0\u1eddng ho\u1ea1t \u0111\u1ed9ng:<\/strong> ch\u00fang t\u00f4i l\u01b0u gi\u1eef b\u00ed m\u1eadt c\u1ee7a kh\u00e1ch h\u00e0ng trong m\u00f4i tr\u01b0\u1eddng ho\u1ea1t \u0111\u1ed9ng an to\u00e0n v\u00e0 ch\u1ec9 c\u00f3 th\u1ec3 \u0111\u01b0\u1ee3c truy c\u1eadp b\u1edfi c\u00e1c \u0111\u1ea1i di\u1ec7n v\u00e0 nh\u00e0 cung c\u1ea5p d\u1ecbch v\u1ee5 tr\u00ean c\u01a1 s\u1edf \u0111\u00e3 bi\u1ebft. Ch\u00fang t\u00f4i tu\u00e2n th\u1ee7 c\u00e1c ti\u00eau chu\u1ea9n v\u00e0 lu\u1eadt ph\u00e1p ng\u00e0nh trong vi\u1ec7c b\u1ea3o m\u1eadt th\u00f4ng tin c\u00e1 nh\u00e2n c\u1ee7a kh\u00e1ch h\u00e0ng. <\/li><li><strong>An to\u00e0n trong tr\u01b0\u1eddng h\u1ee3p b\u1ecb hacker t\u1ea5n c\u00f4ng<\/strong> : Trong tr\u01b0\u1eddng h\u1ee3p m\u1ea5t d\u1eef li\u1ec7u c\u00e1 nh\u00e2n c\u1ee7a kh\u00e1ch h\u00e0ng, ch\u00fang t\u00f4i s\u1ebd c\u00f3 tr\u00e1ch nhi\u1ec7m b\u00e1o c\u00e1o s\u1ef1 vi\u1ec7c v\u1edbi c\u01a1 quan ch\u1ee9c n\u0103ng \u0111\u1ec3 \u0111i\u1ec1u tra, x\u1eed l\u00fd k\u1ecbp th\u1eddi v\u00e0 th\u00f4ng b\u00e1o cho kh\u00e1ch h\u00e0ng \u0111\u01b0\u1ee3c bi\u1ebft. <\/li><li><strong>An to\u00e0n trong thanh to\u00e1n<\/strong> : Ch\u00fang t\u00f4i s\u1eed d\u1ee5ng ph\u01b0\u01a1ng th\u1ee9c thanh to\u00e1n tr\u1ef1c tuy\u1ebfn an to\u00e0n \u0111\u1ec3 giao d\u1ecbch v\u00e0 nh\u1eadn b\u1ea5t k\u1ef3 kho\u1ea3n thanh to\u00e1n n\u00e0o t\u1eeb kh\u00e1ch h\u00e0ng c\u1ee7a t\u00f4i. Trao \u0111\u1ed5i th\u00f4ng tin v\u00e0 giao d\u1ecbch, bao g\u1ed3m x\u00e1c th\u1ef1c, b\u00e1o c\u00e1o, m\u1eadt kh\u1ea9u v\u00e0 d\u1eef li\u1ec7u li\u00ean quan \u0111\u1ebfn thanh to\u00e1n gi\u1eefa kh\u00e1ch h\u00e0ng v\u00e0 h\u1ec7 th\u1ed1ng \u1ee9ng d\u1ee5ng \u0111\u01b0\u1ee3c b\u1ea3o v\u1ec7 nghi\u00eam ng\u1eb7t b\u1eb1ng c\u00f4ng ngh\u1ec7 SSL.<\/li><\/ul>\n<ol start=\"6\"><li><strong>Quy\u1ec1n c\u1ee7a Kh\u00e1ch h\u00e0ng \u0111\u1ed1i v\u1edbi Th\u00f4ng tin C\u00e1 nh\u00e2n<\/strong><\/li><\/ol>\n<ul><li>Kh\u00e1ch h\u00e0ng c\u00f3 quy\u1ec1n cung c\u1ea5p th\u00f4ng tin c\u00e1 nh\u00e2n cho ch\u00fang t\u00f4i v\u00e0 c\u00f3 th\u1ec3 thay \u0111\u1ed5i quy\u1ebft \u0111\u1ecbnh \u0111\u00f3 b\u1ea5t c\u1ee9 l\u00fac n\u00e0o.<\/li><li>Kh\u00e1ch h\u00e0ng c\u00f3 quy\u1ec1n ki\u1ec3m tra, c\u1eadp nh\u1eadt, ch\u1ec9nh s\u1eeda th\u00f4ng tin c\u00e1 nh\u00e2n c\u1ee7a m\u00ecnh b\u1eb1ng c\u00e1ch \u0111\u0103ng nh\u1eadp v\u00e0o t\u00e0i kho\u1ea3n v\u00e0 ch\u1ec9nh s\u1eeda th\u00f4ng tin c\u00e1 nh\u00e2n ho\u1eb7c y\u00eau c\u1ea7u ch\u00fang t\u00f4i th\u1ef1c hi\u1ec7n vi\u1ec7c n\u00e0y.<\/li><li>Kh\u00e1ch h\u00e0ng c\u00f3 quy\u1ec1n b\u00e1o c\u00e1o vi\u1ec7c vi ph\u1ea1m quy\u1ec1n ri\u00eang t\u01b0 theo c\u00e1c \u0111i\u1ec1u kho\u1ea3n \u0111\u01b0\u1ee3c n\u00eau \u1edf tr\u00ean.<\/li><\/ul>\n<ol start=\"7\"><li><strong>Ng\u00e0y c\u00f3 hi\u1ec7u l\u1ef1c c\u1ee7a ch\u00ednh s\u00e1ch b\u1ea3o m\u1eadt<\/strong><\/li><\/ol>\n<p>Ch\u00ednh s\u00e1ch n\u00e0y c\u00f3 hi\u1ec7u l\u1ef1c k\u1ec3 t\u1eeb [] v\u00e0 ch\u00fang t\u00f4i c\u00f3 th\u1ec3 thay \u0111\u1ed5i n\u00f3 m\u00e0 kh\u00f4ng c\u1ea7n c\u1ea3nh b\u00e1o tr\u01b0\u1edbc. V\u00ec v\u1eady, vui l\u00f2ng quay l\u1ea1i v\u00e0 xem l\u1ea1i ch\u00ednh s\u00e1ch b\u1ea3o m\u1eadt n\u00e0y th\u01b0\u1eddng xuy\u00ean.<\/p>\n\n<ol start=\"8\"><li><strong>Trung t\u00e2m h\u1ed7 tr\u1ee3 kh\u00e1ch h\u00e0ng<\/strong><\/li><\/ol>\n<p>N\u1ebfu b\u1ea1n mu\u1ed1n ki\u1ec3m tra th\u00f4ng tin c\u00e1 nh\u00e2n c\u1ee7a m\u00ecnh, vui l\u00f2ng li\u00ean h\u1ec7 v\u1edbi b\u1ed9 ph\u1eadn \u0111\u00e3 tr\u1ea3 l\u1eddi c\u00e2u h\u1ecfi c\u1ee7a b\u1ea1n ho\u1eb7c th\u00f4ng qua c\u00e1c chi ti\u1ebft li\u00ean h\u1ec7 m\u00e0 trang web c\u1ee7a ch\u00fang t\u00f4i cung c\u1ea5p cho b\u1ea1n khi b\u1ea1n cung c\u1ea5p th\u00f4ng tin c\u00e1 nh\u00e2n c\u1ee7a m\u00ecnh.<\/p>\n\n<p>N\u1ebfu b\u1ea1n kh\u00f4ng bi\u1ebft li\u00ean h\u1ec7 v\u1edbi ai ho\u1eb7c n\u1ebfu b\u1ea1n mu\u1ed1n h\u1ecfi v\u1ec1 th\u00f4ng tin c\u00e1 nh\u00e2n m\u00e0 b\u1ea1n \u0111\u00e3 cung c\u1ea5p tr\u00ean trang web c\u1ee7a ch\u00fang t\u00f4i, vui l\u00f2ng li\u00ean h\u1ec7:<\/p>\n","protected":false},"excerpt":{"rendered":"<p>Ch\u00ednh s\u00e1ch b\u1ea3o m\u1eadt Ch\u00fang t\u00f4i c\u00f3 quy\u1ec1n s\u1eeda \u0111\u1ed5i, b\u1ed5 sung \u0111\u1ec3 ho\u00e0n thi\u1ec7n Ch\u00ednh s\u00e1ch n\u00e0y b\u1ea5t c\u1ee9 l\u00fac n\u00e0o. Ch\u00fang t\u00f4i khuy\u1ebfn kh\u00edch b\u1ea1n th\u01b0\u1eddng xuy\u00ean xem l\u1ea1i Ch\u00ednh s\u00e1ch B\u1ea3o m\u1eadt Th\u00f4ng tin C\u00e1 nh\u00e2n n\u00e0y \u0111\u1ec3 bi\u1ebft c\u00e1c c\u1eadp nh\u1eadt m\u1edbi nh\u1ea5t nh\u1eb1m \u0111\u1ea3m b\u1ea3o b\u1ea1n bi\u1ebft v\u00e0 th\u1ef1c hi\u1ec7n [&hellip;]<\/p>\n","protected":false},"author":1,"featured_media":0,"parent":0,"menu_order":0,"comment_status":"closed","ping_status":"open","template":"","meta":{"footnotes":""},"yoast_head":"<!-- This site is optimized with the Yoast SEO plugin v21.1 - https:\/\/yoast.com\/wordpress\/plugins\/seo\/ -->\n<title>Ch\u00ednh s\u00e1ch b\u1ea3o m\u1eadt - TarotX<\/title>\n<meta name=\"robots\" content=\"index, nofollow, max-snippet:-1, max-image-preview:large, max-video-preview:-1\" \/>\n<link rel=\"canonical\" href=\"https:\/\/tarotx.net\/privacy-policy\/\" \/>\n<meta property=\"og:locale\" content=\"vi_VN\" \/>\n<meta property=\"og:type\" content=\"article\" \/>\n<meta property=\"og:title\" content=\"Ch\u00ednh s\u00e1ch b\u1ea3o m\u1eadt - TarotX\" \/>\n<meta property=\"og:description\" content=\"Ch\u00ednh s\u00e1ch b\u1ea3o m\u1eadt Ch\u00fang t\u00f4i c\u00f3 quy\u1ec1n s\u1eeda \u0111\u1ed5i, b\u1ed5 sung \u0111\u1ec3 ho\u00e0n thi\u1ec7n Ch\u00ednh s\u00e1ch n\u00e0y b\u1ea5t c\u1ee9 l\u00fac n\u00e0o. Ch\u00fang t\u00f4i khuy\u1ebfn kh\u00edch b\u1ea1n th\u01b0\u1eddng xuy\u00ean xem l\u1ea1i Ch\u00ednh s\u00e1ch B\u1ea3o m\u1eadt Th\u00f4ng tin C\u00e1 nh\u00e2n n\u00e0y \u0111\u1ec3 bi\u1ebft c\u00e1c c\u1eadp nh\u1eadt m\u1edbi nh\u1ea5t nh\u1eb1m \u0111\u1ea3m b\u1ea3o b\u1ea1n bi\u1ebft v\u00e0 th\u1ef1c hi\u1ec7n [&hellip;]\" \/>\n<meta property=\"og:url\" content=\"https:\/\/tarotx.net\/privacy-policy\/\" \/>\n<meta property=\"og:site_name\" content=\"TarotX\" \/>\n<meta property=\"article:modified_time\" content=\"2022-07-20T14:15:09+00:00\" \/>\n<meta name=\"twitter:card\" content=\"summary_large_image\" \/>\n<meta name=\"twitter:site\" content=\"@x_tarot\" \/>\n<meta name=\"twitter:label1\" content=\"Est. reading time\" \/>\n\t<meta name=\"twitter:data1\" content=\"11 minutes\" \/>\n<script type=\"application\/ld+json\" class=\"yoast-schema-graph\">{\"@context\":\"https:\/\/schema.org\",\"@graph\":[{\"@type\":\"WebPage\",\"@id\":\"https:\/\/tarotx.net\/privacy-policy\/\",\"url\":\"https:\/\/tarotx.net\/privacy-policy\/\",\"name\":\"Ch\u00ednh s\u00e1ch b\u1ea3o m\u1eadt - TarotX\",\"isPartOf\":{\"@id\":\"https:\/\/tarotx.net\/#website\"},\"datePublished\":\"2018-12-23T03:00:53+00:00\",\"dateModified\":\"2022-07-20T14:15:09+00:00\",\"breadcrumb\":{\"@id\":\"https:\/\/tarotx.net\/privacy-policy\/#breadcrumb\"},\"inLanguage\":\"vi-VN\",\"potentialAction\":[{\"@type\":\"ReadAction\",\"target\":[\"https:\/\/tarotx.net\/privacy-policy\/\"]}]},{\"@type\":\"BreadcrumbList\",\"@id\":\"https:\/\/tarotx.net\/privacy-policy\/#breadcrumb\",\"itemListElement\":[{\"@type\":\"ListItem\",\"position\":1,\"name\":\"Home\",\"item\":\"https:\/\/tarotx.net\/vi\/\"},{\"@type\":\"ListItem\",\"position\":2,\"name\":\"Ch\u00ednh s\u00e1ch b\u1ea3o m\u1eadt\"}]},{\"@type\":\"WebSite\",\"@id\":\"https:\/\/tarotx.net\/#website\",\"url\":\"https:\/\/tarotx.net\/\",\"name\":\"TarotX\",\"description\":\"\",\"potentialAction\":[{\"@type\":\"SearchAction\",\"target\":{\"@type\":\"EntryPoint\",\"urlTemplate\":\"https:\/\/tarotx.net\/?s={search_term_string}\"},\"query-input\":\"required name=search_term_string\"}],\"inLanguage\":\"vi-VN\"}]}<\/script>\n<!-- \/ Yoast SEO plugin. -->","yoast_head_json":{"title":"Ch\u00ednh s\u00e1ch b\u1ea3o m\u1eadt - TarotX","robots":{"index":"index","follow":"nofollow","max-snippet":"max-snippet:-1","max-image-preview":"max-image-preview:large","max-video-preview":"max-video-preview:-1"},"canonical":"https:\/\/tarotx.net\/privacy-policy\/","og_locale":"vi_VN","og_type":"article","og_title":"Ch\u00ednh s\u00e1ch b\u1ea3o m\u1eadt - TarotX","og_description":"Ch\u00ednh s\u00e1ch b\u1ea3o m\u1eadt Ch\u00fang t\u00f4i c\u00f3 quy\u1ec1n s\u1eeda \u0111\u1ed5i, b\u1ed5 sung \u0111\u1ec3 ho\u00e0n thi\u1ec7n Ch\u00ednh s\u00e1ch n\u00e0y b\u1ea5t c\u1ee9 l\u00fac n\u00e0o. Ch\u00fang t\u00f4i khuy\u1ebfn kh\u00edch b\u1ea1n th\u01b0\u1eddng xuy\u00ean xem l\u1ea1i Ch\u00ednh s\u00e1ch B\u1ea3o m\u1eadt Th\u00f4ng tin C\u00e1 nh\u00e2n n\u00e0y \u0111\u1ec3 bi\u1ebft c\u00e1c c\u1eadp nh\u1eadt m\u1edbi nh\u1ea5t nh\u1eb1m \u0111\u1ea3m b\u1ea3o b\u1ea1n bi\u1ebft v\u00e0 th\u1ef1c hi\u1ec7n [&hellip;]","og_url":"https:\/\/tarotx.net\/privacy-policy\/","og_site_name":"TarotX","article_modified_time":"2022-07-20T14:15:09+00:00","twitter_card":"summary_large_image","twitter_site":"@x_tarot","twitter_misc":{"Est. reading time":"11 minutes"},"schema":{"@context":"https:\/\/schema.org","@graph":[{"@type":"WebPage","@id":"https:\/\/tarotx.net\/privacy-policy\/","url":"https:\/\/tarotx.net\/privacy-policy\/","name":"Ch\u00ednh s\u00e1ch b\u1ea3o m\u1eadt - TarotX","isPartOf":{"@id":"https:\/\/tarotx.net\/#website"},"datePublished":"2018-12-23T03:00:53+00:00","dateModified":"2022-07-20T14:15:09+00:00","breadcrumb":{"@id":"https:\/\/tarotx.net\/privacy-policy\/#breadcrumb"},"inLanguage":"vi-VN","potentialAction":[{"@type":"ReadAction","target":["https:\/\/tarotx.net\/privacy-policy\/"]}]},{"@type":"BreadcrumbList","@id":"https:\/\/tarotx.net\/privacy-policy\/#breadcrumb","itemListElement":[{"@type":"ListItem","position":1,"name":"Home","item":"https:\/\/tarotx.net\/vi\/"},{"@type":"ListItem","position":2,"name":"Ch\u00ednh s\u00e1ch b\u1ea3o m\u1eadt"}]},{"@type":"WebSite","@id":"https:\/\/tarotx.net\/#website","url":"https:\/\/tarotx.net\/","name":"TarotX","description":"","potentialAction":[{"@type":"SearchAction","target":{"@type":"EntryPoint","urlTemplate":"https:\/\/tarotx.net\/?s={search_term_string}"},"query-input":"required name=search_term_string"}],"inLanguage":"vi-VN"}]}},"_links":{"self":[{"href":"https:\/\/tarotx.net\/vi\/wp-json\/wp\/v2\/pages\/11723"}],"collection":[{"href":"https:\/\/tarotx.net\/vi\/wp-json\/wp\/v2\/pages"}],"about":[{"href":"https:\/\/tarotx.net\/vi\/wp-json\/wp\/v2\/types\/page"}],"author":[{"embeddable":true,"href":"https:\/\/tarotx.net\/vi\/wp-json\/wp\/v2\/users\/1"}],"replies":[{"embeddable":true,"href":"https:\/\/tarotx.net\/vi\/wp-json\/wp\/v2\/comments?post=11723"}],"version-history":[{"count":1,"href":"https:\/\/tarotx.net\/vi\/wp-json\/wp\/v2\/pages\/11723\/revisions"}],"predecessor-version":[{"id":11724,"href":"https:\/\/tarotx.net\/vi\/wp-json\/wp\/v2\/pages\/11723\/revisions\/11724"}],"wp:attachment":[{"href":"https:\/\/tarotx.net\/vi\/wp-json\/wp\/v2\/media?parent=11723"}],"curies":[{"name":"wp","href":"https:\/\/api.w.org\/{rel}","templated":true}]}}