{"id":11727,"date":"2022-07-20T14:19:04","date_gmt":"2022-07-20T14:19:04","guid":{"rendered":"https:\/\/tarotx.net\/thanh-vien\/"},"modified":"2022-07-20T14:19:57","modified_gmt":"2022-07-20T14:19:57","slug":"thanh-vien","status":"publish","type":"page","link":"https:\/\/tarotx.net\/vi\/thanh-vien\/","title":{"rendered":"Th\u00e0nh vi\u00ean"},"content":{"rendered":"\n<p>th\u00e0nh vi\u00ean<\/p>\n","protected":false},"excerpt":{"rendered":"<p>th\u00e0nh vi\u00ean<\/p>\n","protected":false},"author":1,"featured_media":0,"parent":0,"menu_order":0,"comment_status":"closed","ping_status":"closed","template":"","meta":{"footnotes":""},"yoast_head":"<!-- This site is optimized with the Yoast SEO plugin v21.1 - https:\/\/yoast.com\/wordpress\/plugins\/seo\/ -->\n<title>Th\u00e0nh vi\u00ean - TarotX<\/title>\n<meta name=\"robots\" content=\"index, follow, max-snippet:-1, max-image-preview:large, max-video-preview:-1\" \/>\n<link rel=\"canonical\" href=\"https:\/\/tarotx.net\/member\/\" \/>\n<meta property=\"og:locale\" content=\"vi_VN\" \/>\n<meta property=\"og:type\" content=\"article\" \/>\n<meta property=\"og:title\" content=\"Th\u00e0nh vi\u00ean - TarotX\" \/>\n<meta property=\"og:description\" content=\"th\u00e0nh vi\u00ean\" \/>\n<meta property=\"og:url\" content=\"https:\/\/tarotx.net\/member\/\" \/>\n<meta property=\"og:site_name\" content=\"TarotX\" \/>\n<meta property=\"article:modified_time\" content=\"2022-07-20T14:19:57+00:00\" \/>\n<meta name=\"twitter:card\" content=\"summary_large_image\" \/>\n<meta name=\"twitter:site\" content=\"@x_tarot\" \/>\n<script type=\"application\/ld+json\" class=\"yoast-schema-graph\">{\"@context\":\"https:\/\/schema.org\",\"@graph\":[{\"@type\":\"WebPage\",\"@id\":\"https:\/\/tarotx.net\/member\/\",\"url\":\"https:\/\/tarotx.net\/member\/\",\"name\":\"Th\u00e0nh vi\u00ean - TarotX\",\"isPartOf\":{\"@id\":\"https:\/\/tarotx.net\/#website\"},\"datePublished\":\"2022-07-20T14:19:04+00:00\",\"dateModified\":\"2022-07-20T14:19:57+00:00\",\"breadcrumb\":{\"@id\":\"https:\/\/tarotx.net\/member\/#breadcrumb\"},\"inLanguage\":\"vi-VN\",\"potentialAction\":[{\"@type\":\"ReadAction\",\"target\":[\"https:\/\/tarotx.net\/member\/\"]}]},{\"@type\":\"BreadcrumbList\",\"@id\":\"https:\/\/tarotx.net\/member\/#breadcrumb\",\"itemListElement\":[{\"@type\":\"ListItem\",\"position\":1,\"name\":\"Home\",\"item\":\"https:\/\/tarotx.net\/vi\/\"},{\"@type\":\"ListItem\",\"position\":2,\"name\":\"Th\u00e0nh vi\u00ean\"}]},{\"@type\":\"WebSite\",\"@id\":\"https:\/\/tarotx.net\/#website\",\"url\":\"https:\/\/tarotx.net\/\",\"name\":\"TarotX\",\"description\":\"\",\"potentialAction\":[{\"@type\":\"SearchAction\",\"target\":{\"@type\":\"EntryPoint\",\"urlTemplate\":\"https:\/\/tarotx.net\/?s={search_term_string}\"},\"query-input\":\"required name=search_term_string\"}],\"inLanguage\":\"vi-VN\"}]}<\/script>\n<!-- \/ Yoast SEO plugin. -->","yoast_head_json":{"title":"Th\u00e0nh vi\u00ean - TarotX","robots":{"index":"index","follow":"follow","max-snippet":"max-snippet:-1","max-image-preview":"max-image-preview:large","max-video-preview":"max-video-preview:-1"},"canonical":"https:\/\/tarotx.net\/member\/","og_locale":"vi_VN","og_type":"article","og_title":"Th\u00e0nh vi\u00ean - TarotX","og_description":"th\u00e0nh vi\u00ean","og_url":"https:\/\/tarotx.net\/member\/","og_site_name":"TarotX","article_modified_time":"2022-07-20T14:19:57+00:00","twitter_card":"summary_large_image","twitter_site":"@x_tarot","schema":{"@context":"https:\/\/schema.org","@graph":[{"@type":"WebPage","@id":"https:\/\/tarotx.net\/member\/","url":"https:\/\/tarotx.net\/member\/","name":"Th\u00e0nh vi\u00ean - TarotX","isPartOf":{"@id":"https:\/\/tarotx.net\/#website"},"datePublished":"2022-07-20T14:19:04+00:00","dateModified":"2022-07-20T14:19:57+00:00","breadcrumb":{"@id":"https:\/\/tarotx.net\/member\/#breadcrumb"},"inLanguage":"vi-VN","potentialAction":[{"@type":"ReadAction","target":["https:\/\/tarotx.net\/member\/"]}]},{"@type":"BreadcrumbList","@id":"https:\/\/tarotx.net\/member\/#breadcrumb","itemListElement":[{"@type":"ListItem","position":1,"name":"Home","item":"https:\/\/tarotx.net\/vi\/"},{"@type":"ListItem","position":2,"name":"Th\u00e0nh vi\u00ean"}]},{"@type":"WebSite","@id":"https:\/\/tarotx.net\/#website","url":"https:\/\/tarotx.net\/","name":"TarotX","description":"","potentialAction":[{"@type":"SearchAction","target":{"@type":"EntryPoint","urlTemplate":"https:\/\/tarotx.net\/?s={search_term_string}"},"query-input":"required name=search_term_string"}],"inLanguage":"vi-VN"}]}},"_links":{"self":[{"href":"https:\/\/tarotx.net\/vi\/wp-json\/wp\/v2\/pages\/11727"}],"collection":[{"href":"https:\/\/tarotx.net\/vi\/wp-json\/wp\/v2\/pages"}],"about":[{"href":"https:\/\/tarotx.net\/vi\/wp-json\/wp\/v2\/types\/page"}],"author":[{"embeddable":true,"href":"https:\/\/tarotx.net\/vi\/wp-json\/wp\/v2\/users\/1"}],"replies":[{"embeddable":true,"href":"https:\/\/tarotx.net\/vi\/wp-json\/wp\/v2\/comments?post=11727"}],"version-history":[{"count":1,"href":"https:\/\/tarotx.net\/vi\/wp-json\/wp\/v2\/pages\/11727\/revisions"}],"predecessor-version":[{"id":11728,"href":"https:\/\/tarotx.net\/vi\/wp-json\/wp\/v2\/pages\/11727\/revisions\/11728"}],"wp:attachment":[{"href":"https:\/\/tarotx.net\/vi\/wp-json\/wp\/v2\/media?parent=11727"}],"curies":[{"name":"wp","href":"https:\/\/api.w.org\/{rel}","templated":true}]}}