{"id":11733,"date":"2022-03-27T13:33:51","date_gmt":"2022-03-27T13:33:51","guid":{"rendered":"https:\/\/tarotx.net\/register-2\/"},"modified":"2022-10-05T05:52:19","modified_gmt":"2022-10-05T05:52:19","slug":"register-2","status":"publish","type":"page","link":"https:\/\/tarotx.net\/vi\/dang-ky\/","title":{"rendered":"\u0110\u0103ng k\u00fd"},"content":{"rendered":"\n<p>[ultimatemember form_id=&#8221;12667&#8243;]<\/p>\n","protected":false},"excerpt":{"rendered":"<p>[ultimatemember form_id=&#8221;12667&#8243;]<\/p>\n","protected":false},"author":1,"featured_media":0,"parent":0,"menu_order":0,"comment_status":"closed","ping_status":"closed","template":"","meta":{"footnotes":""},"yoast_head":"<!-- This site is optimized with the Yoast SEO plugin v21.1 - https:\/\/yoast.com\/wordpress\/plugins\/seo\/ -->\n<title>\u0110\u0103ng k\u00fd - TarotX<\/title>\n<meta name=\"robots\" content=\"index, follow, max-snippet:-1, max-image-preview:large, max-video-preview:-1\" \/>\n<link rel=\"canonical\" href=\"https:\/\/tarotx.net\/vi\/dang-ky\/\" \/>\n<meta property=\"og:locale\" content=\"vi_VN\" \/>\n<meta property=\"og:type\" content=\"article\" \/>\n<meta property=\"og:title\" content=\"\u0110\u0103ng k\u00fd - TarotX\" \/>\n<meta property=\"og:description\" content=\"[ultimatemember form_id=&#8221;12667&#8243;]\" \/>\n<meta property=\"og:url\" content=\"https:\/\/tarotx.net\/vi\/dang-ky\/\" \/>\n<meta property=\"og:site_name\" content=\"TarotX\" \/>\n<meta property=\"article:modified_time\" content=\"2022-10-05T05:52:19+00:00\" \/>\n<meta name=\"twitter:card\" content=\"summary_large_image\" \/>\n<meta name=\"twitter:site\" content=\"@x_tarot\" \/>\n<script type=\"application\/ld+json\" class=\"yoast-schema-graph\">{\"@context\":\"https:\/\/schema.org\",\"@graph\":[{\"@type\":\"WebPage\",\"@id\":\"https:\/\/tarotx.net\/vi\/dang-ky\/\",\"url\":\"https:\/\/tarotx.net\/vi\/dang-ky\/\",\"name\":\"\u0110\u0103ng k\u00fd - TarotX\",\"isPartOf\":{\"@id\":\"https:\/\/tarotx.net\/#website\"},\"datePublished\":\"2022-03-27T13:33:51+00:00\",\"dateModified\":\"2022-10-05T05:52:19+00:00\",\"breadcrumb\":{\"@id\":\"https:\/\/tarotx.net\/vi\/dang-ky\/#breadcrumb\"},\"inLanguage\":\"vi-VN\",\"potentialAction\":[{\"@type\":\"ReadAction\",\"target\":[\"https:\/\/tarotx.net\/vi\/dang-ky\/\"]}]},{\"@type\":\"BreadcrumbList\",\"@id\":\"https:\/\/tarotx.net\/vi\/dang-ky\/#breadcrumb\",\"itemListElement\":[{\"@type\":\"ListItem\",\"position\":1,\"name\":\"Home\",\"item\":\"https:\/\/tarotx.net\/vi\/\"},{\"@type\":\"ListItem\",\"position\":2,\"name\":\"\u0110\u0103ng k\u00fd\"}]},{\"@type\":\"WebSite\",\"@id\":\"https:\/\/tarotx.net\/#website\",\"url\":\"https:\/\/tarotx.net\/\",\"name\":\"TarotX\",\"description\":\"\",\"potentialAction\":[{\"@type\":\"SearchAction\",\"target\":{\"@type\":\"EntryPoint\",\"urlTemplate\":\"https:\/\/tarotx.net\/?s={search_term_string}\"},\"query-input\":\"required name=search_term_string\"}],\"inLanguage\":\"vi-VN\"}]}<\/script>\n<!-- \/ Yoast SEO plugin. -->","yoast_head_json":{"title":"\u0110\u0103ng k\u00fd - TarotX","robots":{"index":"index","follow":"follow","max-snippet":"max-snippet:-1","max-image-preview":"max-image-preview:large","max-video-preview":"max-video-preview:-1"},"canonical":"https:\/\/tarotx.net\/vi\/dang-ky\/","og_locale":"vi_VN","og_type":"article","og_title":"\u0110\u0103ng k\u00fd - TarotX","og_description":"[ultimatemember form_id=&#8221;12667&#8243;]","og_url":"https:\/\/tarotx.net\/vi\/dang-ky\/","og_site_name":"TarotX","article_modified_time":"2022-10-05T05:52:19+00:00","twitter_card":"summary_large_image","twitter_site":"@x_tarot","schema":{"@context":"https:\/\/schema.org","@graph":[{"@type":"WebPage","@id":"https:\/\/tarotx.net\/vi\/dang-ky\/","url":"https:\/\/tarotx.net\/vi\/dang-ky\/","name":"\u0110\u0103ng k\u00fd - TarotX","isPartOf":{"@id":"https:\/\/tarotx.net\/#website"},"datePublished":"2022-03-27T13:33:51+00:00","dateModified":"2022-10-05T05:52:19+00:00","breadcrumb":{"@id":"https:\/\/tarotx.net\/vi\/dang-ky\/#breadcrumb"},"inLanguage":"vi-VN","potentialAction":[{"@type":"ReadAction","target":["https:\/\/tarotx.net\/vi\/dang-ky\/"]}]},{"@type":"BreadcrumbList","@id":"https:\/\/tarotx.net\/vi\/dang-ky\/#breadcrumb","itemListElement":[{"@type":"ListItem","position":1,"name":"Home","item":"https:\/\/tarotx.net\/vi\/"},{"@type":"ListItem","position":2,"name":"\u0110\u0103ng k\u00fd"}]},{"@type":"WebSite","@id":"https:\/\/tarotx.net\/#website","url":"https:\/\/tarotx.net\/","name":"TarotX","description":"","potentialAction":[{"@type":"SearchAction","target":{"@type":"EntryPoint","urlTemplate":"https:\/\/tarotx.net\/?s={search_term_string}"},"query-input":"required name=search_term_string"}],"inLanguage":"vi-VN"}]}},"_links":{"self":[{"href":"https:\/\/tarotx.net\/vi\/wp-json\/wp\/v2\/pages\/11733"}],"collection":[{"href":"https:\/\/tarotx.net\/vi\/wp-json\/wp\/v2\/pages"}],"about":[{"href":"https:\/\/tarotx.net\/vi\/wp-json\/wp\/v2\/types\/page"}],"author":[{"embeddable":true,"href":"https:\/\/tarotx.net\/vi\/wp-json\/wp\/v2\/users\/1"}],"replies":[{"embeddable":true,"href":"https:\/\/tarotx.net\/vi\/wp-json\/wp\/v2\/comments?post=11733"}],"version-history":[{"count":4,"href":"https:\/\/tarotx.net\/vi\/wp-json\/wp\/v2\/pages\/11733\/revisions"}],"predecessor-version":[{"id":12668,"href":"https:\/\/tarotx.net\/vi\/wp-json\/wp\/v2\/pages\/11733\/revisions\/12668"}],"wp:attachment":[{"href":"https:\/\/tarotx.net\/vi\/wp-json\/wp\/v2\/media?parent=11733"}],"curies":[{"name":"wp","href":"https:\/\/api.w.org\/{rel}","templated":true}]}}