{"id":11735,"date":"2022-04-01T03:15:23","date_gmt":"2022-04-01T03:15:23","guid":{"rendered":"https:\/\/tarotx.net\/cam-on\/"},"modified":"2022-07-20T14:28:04","modified_gmt":"2022-07-20T14:28:04","slug":"cam-on","status":"publish","type":"page","link":"https:\/\/tarotx.net\/vi\/cam-on\/","title":{"rendered":"C\u1ea3m \u01a1n"},"content":{"rendered":"<section class=\"wpb-content-wrapper\"><p>[vc_row][vc_column width=&#8221;1\/2&#8243;][vc_column_text]<img decoding=\"async\" loading=\"lazy\" class=\"aligncenter\" src=\"\/wp-content\/uploads\/2019\/02\/daily-card.png\" alt=\"\" width=\"364\" height=\"600\">[\/vc_column_text][\/vc_column][vc_column width=&#8221;1\/2&#8243;][vc_wp_text]<\/p>\n<h5><span style=\"color: #008000;\">C\u1ea3m \u01a1n b\u1ea1n \u0111\u00e3 h\u1ed5 tr\u1ee3 c\u1ed9ng \u0111\u1ed3ng Tarot<\/span> <span style=\"color: #ff0000;\">&lt;3<\/span><\/h5>\n<p>Ch\u00fang t\u00f4i hy v\u1ecdng b\u1ea1n c\u00f3 nh\u1eefng ph\u00fat gi\u00e2y tho\u1ea3i m\u00e1i. D\u01b0\u1edbi \u0111\u00e2y l\u00e0 k\u1ebft qu\u1ea3 c\u1ee7a b\u1ea1n, B\u1ea5m [View Result] \u0111\u1ec3 xem nh\u00e9.  C\u1ea3m \u01a1n.<\/p>\n<p><button id=\"view-result\" class=\"btn btn-link red-btn\" style=\"border-radius: 3px; color: white; text-decoration: none;\" type=\"button\">Xem k\u1ebft qu\u1ea3<\/button> <a id=\"continue-btn\" class=\"btn btn-link red-btn\" style=\"background-color: white; border: solid 1px #ccc; border-radius: 3px; color: black; text-decoration: none;\" href=\"https:\/\/tarotx.net\/vi\/daily-tarot-reading\/\">Ti\u1ebfp t\u1ee5c quay<\/a>[\/vc_wp_text][\/vc_column][\/vc_row]<\/p>\n<\/section>","protected":false},"excerpt":{"rendered":"<p>[vc_row][vc_column width=&#8221;1\/2&#8243;][vc_column_text][\/vc_column_text][\/vc_column][vc_column width=&#8221;1\/2&#8243;][vc_wp_text] C\u1ea3m \u01a1n b\u1ea1n \u0111\u00e3 h\u1ed5 tr\u1ee3 c\u1ed9ng \u0111\u1ed3ng Tarot &lt;3 Ch\u00fang t\u00f4i hy v\u1ecdng b\u1ea1n c\u00f3 nh\u1eefng ph\u00fat gi\u00e2y tho\u1ea3i m\u00e1i. D\u01b0\u1edbi \u0111\u00e2y l\u00e0 k\u1ebft qu\u1ea3 c\u1ee7a b\u1ea1n, B\u1ea5m [View Result] \u0111\u1ec3 xem nh\u00e9. C\u1ea3m \u01a1n. Xem k\u1ebft qu\u1ea3 Ti\u1ebfp t\u1ee5c quay[\/vc_wp_text][\/vc_column][\/vc_row]<\/p>\n","protected":false},"author":1,"featured_media":0,"parent":0,"menu_order":0,"comment_status":"closed","ping_status":"closed","template":"","meta":{"footnotes":""},"yoast_head":"<!-- This site is optimized with the Yoast SEO plugin v21.1 - https:\/\/yoast.com\/wordpress\/plugins\/seo\/ -->\n<title>C\u1ea3m \u01a1n - TarotX<\/title>\n<meta name=\"robots\" content=\"index, follow, max-snippet:-1, max-image-preview:large, max-video-preview:-1\" \/>\n<link rel=\"canonical\" href=\"https:\/\/tarotx.net\/thank-you\/\" \/>\n<meta property=\"og:locale\" content=\"vi_VN\" \/>\n<meta property=\"og:type\" content=\"article\" \/>\n<meta property=\"og:title\" content=\"C\u1ea3m \u01a1n - TarotX\" \/>\n<meta property=\"og:description\" content=\"[vc_row][vc_column width=&#8221;1\/2&#8243;][vc_column_text][\/vc_column_text][\/vc_column][vc_column width=&#8221;1\/2&#8243;][vc_wp_text] C\u1ea3m \u01a1n b\u1ea1n \u0111\u00e3 h\u1ed5 tr\u1ee3 c\u1ed9ng \u0111\u1ed3ng Tarot &lt;3 Ch\u00fang t\u00f4i hy v\u1ecdng b\u1ea1n c\u00f3 nh\u1eefng ph\u00fat gi\u00e2y tho\u1ea3i m\u00e1i. D\u01b0\u1edbi \u0111\u00e2y l\u00e0 k\u1ebft qu\u1ea3 c\u1ee7a b\u1ea1n, B\u1ea5m [View Result] \u0111\u1ec3 xem nh\u00e9. C\u1ea3m \u01a1n. Xem k\u1ebft qu\u1ea3 Ti\u1ebfp t\u1ee5c quay[\/vc_wp_text][\/vc_column][\/vc_row]\" \/>\n<meta property=\"og:url\" content=\"https:\/\/tarotx.net\/thank-you\/\" \/>\n<meta property=\"og:site_name\" content=\"TarotX\" \/>\n<meta property=\"article:modified_time\" content=\"2022-07-20T14:28:04+00:00\" \/>\n<meta name=\"twitter:card\" content=\"summary_large_image\" \/>\n<meta name=\"twitter:site\" content=\"@x_tarot\" \/>\n<script type=\"application\/ld+json\" class=\"yoast-schema-graph\">{\"@context\":\"https:\/\/schema.org\",\"@graph\":[{\"@type\":\"WebPage\",\"@id\":\"https:\/\/tarotx.net\/thank-you\/\",\"url\":\"https:\/\/tarotx.net\/thank-you\/\",\"name\":\"C\u1ea3m \u01a1n - TarotX\",\"isPartOf\":{\"@id\":\"https:\/\/tarotx.net\/#website\"},\"datePublished\":\"2022-04-01T03:15:23+00:00\",\"dateModified\":\"2022-07-20T14:28:04+00:00\",\"breadcrumb\":{\"@id\":\"https:\/\/tarotx.net\/thank-you\/#breadcrumb\"},\"inLanguage\":\"vi-VN\",\"potentialAction\":[{\"@type\":\"ReadAction\",\"target\":[\"https:\/\/tarotx.net\/thank-you\/\"]}]},{\"@type\":\"BreadcrumbList\",\"@id\":\"https:\/\/tarotx.net\/thank-you\/#breadcrumb\",\"itemListElement\":[{\"@type\":\"ListItem\",\"position\":1,\"name\":\"Home\",\"item\":\"https:\/\/tarotx.net\/vi\/\"},{\"@type\":\"ListItem\",\"position\":2,\"name\":\"C\u1ea3m \u01a1n\"}]},{\"@type\":\"WebSite\",\"@id\":\"https:\/\/tarotx.net\/#website\",\"url\":\"https:\/\/tarotx.net\/\",\"name\":\"TarotX\",\"description\":\"\",\"potentialAction\":[{\"@type\":\"SearchAction\",\"target\":{\"@type\":\"EntryPoint\",\"urlTemplate\":\"https:\/\/tarotx.net\/?s={search_term_string}\"},\"query-input\":\"required name=search_term_string\"}],\"inLanguage\":\"vi-VN\"}]}<\/script>\n<!-- \/ Yoast SEO plugin. -->","yoast_head_json":{"title":"C\u1ea3m \u01a1n - TarotX","robots":{"index":"index","follow":"follow","max-snippet":"max-snippet:-1","max-image-preview":"max-image-preview:large","max-video-preview":"max-video-preview:-1"},"canonical":"https:\/\/tarotx.net\/thank-you\/","og_locale":"vi_VN","og_type":"article","og_title":"C\u1ea3m \u01a1n - TarotX","og_description":"[vc_row][vc_column width=&#8221;1\/2&#8243;][vc_column_text][\/vc_column_text][\/vc_column][vc_column width=&#8221;1\/2&#8243;][vc_wp_text] C\u1ea3m \u01a1n b\u1ea1n \u0111\u00e3 h\u1ed5 tr\u1ee3 c\u1ed9ng \u0111\u1ed3ng Tarot &lt;3 Ch\u00fang t\u00f4i hy v\u1ecdng b\u1ea1n c\u00f3 nh\u1eefng ph\u00fat gi\u00e2y tho\u1ea3i m\u00e1i. D\u01b0\u1edbi \u0111\u00e2y l\u00e0 k\u1ebft qu\u1ea3 c\u1ee7a b\u1ea1n, B\u1ea5m [View Result] \u0111\u1ec3 xem nh\u00e9. C\u1ea3m \u01a1n. Xem k\u1ebft qu\u1ea3 Ti\u1ebfp t\u1ee5c quay[\/vc_wp_text][\/vc_column][\/vc_row]","og_url":"https:\/\/tarotx.net\/thank-you\/","og_site_name":"TarotX","article_modified_time":"2022-07-20T14:28:04+00:00","twitter_card":"summary_large_image","twitter_site":"@x_tarot","schema":{"@context":"https:\/\/schema.org","@graph":[{"@type":"WebPage","@id":"https:\/\/tarotx.net\/thank-you\/","url":"https:\/\/tarotx.net\/thank-you\/","name":"C\u1ea3m \u01a1n - TarotX","isPartOf":{"@id":"https:\/\/tarotx.net\/#website"},"datePublished":"2022-04-01T03:15:23+00:00","dateModified":"2022-07-20T14:28:04+00:00","breadcrumb":{"@id":"https:\/\/tarotx.net\/thank-you\/#breadcrumb"},"inLanguage":"vi-VN","potentialAction":[{"@type":"ReadAction","target":["https:\/\/tarotx.net\/thank-you\/"]}]},{"@type":"BreadcrumbList","@id":"https:\/\/tarotx.net\/thank-you\/#breadcrumb","itemListElement":[{"@type":"ListItem","position":1,"name":"Home","item":"https:\/\/tarotx.net\/vi\/"},{"@type":"ListItem","position":2,"name":"C\u1ea3m \u01a1n"}]},{"@type":"WebSite","@id":"https:\/\/tarotx.net\/#website","url":"https:\/\/tarotx.net\/","name":"TarotX","description":"","potentialAction":[{"@type":"SearchAction","target":{"@type":"EntryPoint","urlTemplate":"https:\/\/tarotx.net\/?s={search_term_string}"},"query-input":"required name=search_term_string"}],"inLanguage":"vi-VN"}]}},"_links":{"self":[{"href":"https:\/\/tarotx.net\/vi\/wp-json\/wp\/v2\/pages\/11735"}],"collection":[{"href":"https:\/\/tarotx.net\/vi\/wp-json\/wp\/v2\/pages"}],"about":[{"href":"https:\/\/tarotx.net\/vi\/wp-json\/wp\/v2\/types\/page"}],"author":[{"embeddable":true,"href":"https:\/\/tarotx.net\/vi\/wp-json\/wp\/v2\/users\/1"}],"replies":[{"embeddable":true,"href":"https:\/\/tarotx.net\/vi\/wp-json\/wp\/v2\/comments?post=11735"}],"version-history":[{"count":5,"href":"https:\/\/tarotx.net\/vi\/wp-json\/wp\/v2\/pages\/11735\/revisions"}],"predecessor-version":[{"id":11740,"href":"https:\/\/tarotx.net\/vi\/wp-json\/wp\/v2\/pages\/11735\/revisions\/11740"}],"wp:attachment":[{"href":"https:\/\/tarotx.net\/vi\/wp-json\/wp\/v2\/media?parent=11735"}],"curies":[{"name":"wp","href":"https:\/\/api.w.org\/{rel}","templated":true}]}}