{"id":12572,"date":"2022-09-04T04:14:05","date_gmt":"2022-09-04T04:14:05","guid":{"rendered":"https:\/\/tarotx.net\/lich-su-quay-bai\/"},"modified":"2022-09-18T14:52:15","modified_gmt":"2022-09-18T14:52:15","slug":"lich-su-quay-bai","status":"publish","type":"page","link":"https:\/\/tarotx.net\/vi\/my-journal\/","title":{"rendered":"L\u1ecbch s\u1eef quay b\u00e0i"},"content":{"rendered":"<div class=\"journal-wrapper\">\n<div class=\"header\">\n<a class=\"profile-page-link\" href=\"\/profile\">Trang h\u1ed3 s\u01a1<\/a><input type=\"text\" id=\"search\" class=\"search\" placeholder=\"T\u00ecm ki\u1ebfm b\u00e0i \u0111\u1ecdc\"><\/div>\n<p><!-- End header --><\/p>\n<p><!-- Content --><\/p>\n<div class=\"content\">\n<ul class=\"history-tree\"><\/ul>\n<div class=\"nothing\">Ch\u01b0a c\u00f3 g\u00ec<\/div>\n<\/div>\n<p><!-- End content --><\/p>\n<div class=\"footer\">\n<button id=\"load_more_btn\" class=\"loadmore-btn\" data-page=\"2\" data-q=\"\">T\u1ea2I C\u00c1C B\u00c0I \u0110\u0102NG KH\u00c1C <i class=\"arrow down\"><\/i><\/button><\/div>\n\n<\/div>\n","protected":false},"excerpt":{"rendered":"<p>Trang h\u1ed3 s\u01a1 Ch\u01b0a c\u00f3 g\u00ec T\u1ea2I C\u00c1C B\u00c0I \u0110\u0102NG KH\u00c1C<\/p>\n","protected":false},"author":1,"featured_media":0,"parent":0,"menu_order":0,"comment_status":"closed","ping_status":"closed","template":"","meta":{"footnotes":""},"yoast_head":"<!-- This site is optimized with the Yoast SEO plugin v21.1 - https:\/\/yoast.com\/wordpress\/plugins\/seo\/ -->\n<title>L\u1ecbch s\u1eef quay b\u00e0i - TarotX<\/title>\n<meta name=\"robots\" content=\"index, follow, max-snippet:-1, max-image-preview:large, max-video-preview:-1\" \/>\n<link rel=\"canonical\" href=\"https:\/\/tarotx.net\/vi\/my-journal\/\" \/>\n<meta property=\"og:locale\" content=\"vi_VN\" \/>\n<meta property=\"og:type\" content=\"article\" \/>\n<meta property=\"og:title\" content=\"L\u1ecbch s\u1eef quay b\u00e0i - TarotX\" \/>\n<meta property=\"og:description\" content=\"Trang h\u1ed3 s\u01a1 Ch\u01b0a c\u00f3 g\u00ec T\u1ea2I C\u00c1C B\u00c0I \u0110\u0102NG KH\u00c1C\" \/>\n<meta property=\"og:url\" content=\"https:\/\/tarotx.net\/vi\/my-journal\/\" \/>\n<meta property=\"og:site_name\" content=\"TarotX\" \/>\n<meta property=\"article:modified_time\" content=\"2022-09-18T14:52:15+00:00\" \/>\n<meta name=\"twitter:card\" content=\"summary_large_image\" \/>\n<meta name=\"twitter:site\" content=\"@x_tarot\" \/>\n<script type=\"application\/ld+json\" class=\"yoast-schema-graph\">{\"@context\":\"https:\/\/schema.org\",\"@graph\":[{\"@type\":\"WebPage\",\"@id\":\"https:\/\/tarotx.net\/vi\/my-journal\/\",\"url\":\"https:\/\/tarotx.net\/vi\/my-journal\/\",\"name\":\"L\u1ecbch s\u1eef quay b\u00e0i - TarotX\",\"isPartOf\":{\"@id\":\"https:\/\/tarotx.net\/#website\"},\"datePublished\":\"2022-09-04T04:14:05+00:00\",\"dateModified\":\"2022-09-18T14:52:15+00:00\",\"breadcrumb\":{\"@id\":\"https:\/\/tarotx.net\/vi\/my-journal\/#breadcrumb\"},\"inLanguage\":\"vi-VN\",\"potentialAction\":[{\"@type\":\"ReadAction\",\"target\":[\"https:\/\/tarotx.net\/vi\/my-journal\/\"]}]},{\"@type\":\"BreadcrumbList\",\"@id\":\"https:\/\/tarotx.net\/vi\/my-journal\/#breadcrumb\",\"itemListElement\":[{\"@type\":\"ListItem\",\"position\":1,\"name\":\"Home\",\"item\":\"https:\/\/tarotx.net\/vi\/\"},{\"@type\":\"ListItem\",\"position\":2,\"name\":\"L\u1ecbch s\u1eef quay b\u00e0i\"}]},{\"@type\":\"WebSite\",\"@id\":\"https:\/\/tarotx.net\/#website\",\"url\":\"https:\/\/tarotx.net\/\",\"name\":\"TarotX\",\"description\":\"\",\"potentialAction\":[{\"@type\":\"SearchAction\",\"target\":{\"@type\":\"EntryPoint\",\"urlTemplate\":\"https:\/\/tarotx.net\/?s={search_term_string}\"},\"query-input\":\"required name=search_term_string\"}],\"inLanguage\":\"vi-VN\"}]}<\/script>\n<!-- \/ Yoast SEO plugin. -->","yoast_head_json":{"title":"L\u1ecbch s\u1eef quay b\u00e0i - TarotX","robots":{"index":"index","follow":"follow","max-snippet":"max-snippet:-1","max-image-preview":"max-image-preview:large","max-video-preview":"max-video-preview:-1"},"canonical":"https:\/\/tarotx.net\/vi\/my-journal\/","og_locale":"vi_VN","og_type":"article","og_title":"L\u1ecbch s\u1eef quay b\u00e0i - TarotX","og_description":"Trang h\u1ed3 s\u01a1 Ch\u01b0a c\u00f3 g\u00ec T\u1ea2I C\u00c1C B\u00c0I \u0110\u0102NG KH\u00c1C","og_url":"https:\/\/tarotx.net\/vi\/my-journal\/","og_site_name":"TarotX","article_modified_time":"2022-09-18T14:52:15+00:00","twitter_card":"summary_large_image","twitter_site":"@x_tarot","schema":{"@context":"https:\/\/schema.org","@graph":[{"@type":"WebPage","@id":"https:\/\/tarotx.net\/vi\/my-journal\/","url":"https:\/\/tarotx.net\/vi\/my-journal\/","name":"L\u1ecbch s\u1eef quay b\u00e0i - TarotX","isPartOf":{"@id":"https:\/\/tarotx.net\/#website"},"datePublished":"2022-09-04T04:14:05+00:00","dateModified":"2022-09-18T14:52:15+00:00","breadcrumb":{"@id":"https:\/\/tarotx.net\/vi\/my-journal\/#breadcrumb"},"inLanguage":"vi-VN","potentialAction":[{"@type":"ReadAction","target":["https:\/\/tarotx.net\/vi\/my-journal\/"]}]},{"@type":"BreadcrumbList","@id":"https:\/\/tarotx.net\/vi\/my-journal\/#breadcrumb","itemListElement":[{"@type":"ListItem","position":1,"name":"Home","item":"https:\/\/tarotx.net\/vi\/"},{"@type":"ListItem","position":2,"name":"L\u1ecbch s\u1eef quay b\u00e0i"}]},{"@type":"WebSite","@id":"https:\/\/tarotx.net\/#website","url":"https:\/\/tarotx.net\/","name":"TarotX","description":"","potentialAction":[{"@type":"SearchAction","target":{"@type":"EntryPoint","urlTemplate":"https:\/\/tarotx.net\/?s={search_term_string}"},"query-input":"required name=search_term_string"}],"inLanguage":"vi-VN"}]}},"_links":{"self":[{"href":"https:\/\/tarotx.net\/vi\/wp-json\/wp\/v2\/pages\/12572"}],"collection":[{"href":"https:\/\/tarotx.net\/vi\/wp-json\/wp\/v2\/pages"}],"about":[{"href":"https:\/\/tarotx.net\/vi\/wp-json\/wp\/v2\/types\/page"}],"author":[{"embeddable":true,"href":"https:\/\/tarotx.net\/vi\/wp-json\/wp\/v2\/users\/1"}],"replies":[{"embeddable":true,"href":"https:\/\/tarotx.net\/vi\/wp-json\/wp\/v2\/comments?post=12572"}],"version-history":[{"count":2,"href":"https:\/\/tarotx.net\/vi\/wp-json\/wp\/v2\/pages\/12572\/revisions"}],"predecessor-version":[{"id":12580,"href":"https:\/\/tarotx.net\/vi\/wp-json\/wp\/v2\/pages\/12572\/revisions\/12580"}],"wp:attachment":[{"href":"https:\/\/tarotx.net\/vi\/wp-json\/wp\/v2\/media?parent=12572"}],"curies":[{"name":"wp","href":"https:\/\/api.w.org\/{rel}","templated":true}]}}